
		
		
		
{"id":8,"date":"2013-12-10T20:20:05","date_gmt":"2013-12-10T18:20:05","guid":{"rendered":"http:\/\/spitalpsihiatrieborsa.ro\/?page_id=8"},"modified":"2024-11-22T08:33:47","modified_gmt":"2024-11-22T06:33:47","slug":"home","status":"publish","type":"page","link":"https:\/\/www.spitalpsihiatrieborsa.ro\/","title":{"rendered":"Despre institu\u021bie"},"content":{"rendered":"<p>Spitalul de Boli Psihice Cronice Bor\u0219a este unitatea sanitar\u0103 cu paturi, de utilitate public\u0103, cu personalitate juridic\u0103 ce furnizeaz\u0103 servicii medicale, \u00eenfiin\u021bat prin\u00a0 Deciziei nr. 41.408\/1956 a fostului Comitet Executiv al Sfatului Popular Regional Cluj.<\/p>\n<p>Sediul Spitalului de Boli Psihice Cronice Bor\u0219a este \u00een localitatea Bor\u0219a, str. Principal\u0103, nr.258, jude\u021bul Cluj.<img loading=\"lazy\" decoding=\"async\" class=\"alignnone size-medium wp-image-1633\" src=\"https:\/\/www.spitalpsihiatrieborsa.ro\/wp-content\/uploads\/Pavilion-nou-1024x768.jpg\" alt=\"\" width=\"1024\" height=\"768\" data-wp-editing=\"1\" srcset=\"https:\/\/www.spitalpsihiatrieborsa.ro\/wp-content\/uploads\/Pavilion-nou-1024x768.jpg 1024w, https:\/\/www.spitalpsihiatrieborsa.ro\/wp-content\/uploads\/Pavilion-nou-768x576.jpg 768w, https:\/\/www.spitalpsihiatrieborsa.ro\/wp-content\/uploads\/Pavilion-nou-1536x1152.jpg 1536w, https:\/\/www.spitalpsihiatrieborsa.ro\/wp-content\/uploads\/Pavilion-nou.jpg 1560w\" sizes=\"auto, (max-width: 1024px) 100vw, 1024px\" \/><\/p>\n<p>Spitalul de Boli Psihice Cronice Bor\u0219a face parte din categoria spitalelor de specialitate \u0219i este subordonat Consiliului Jude\u021bean Cluj. \u00cen func\u021bie de specificul patologiei \u0219i al tipului de spital, este un spital de monospecialitate, care asigur\u0103 asisten\u021b\u0103 medical\u0103 \u00een specialitatea psihiatrie cronici pentru adul\u021bi.<\/p>\n<p>Conform Ordinului Ministrului S\u0103n\u0103t\u0103\u021bii nr. 323 din 18.04.2011 privind aprobarea metodologiei \u0219i a criteriilor minime obligatorii pentru clasificarea spitalelor \u00een func\u021bie de competen\u021b\u0103, Spitalul de Boli Psihice Cronice Bor\u0219a a fost clasificat \u00een categoria de competen\u021b\u0103 V.<\/p>\n<p>Conform Ordinului ANMCS nr. 430 07.12.2020\u00a0 spitalul a fost \u00eencadrat \u00een categoria a V-a de acreditare, ca urmare a procesului de evaluare pentru ciclul III, care s-a desf\u0103\u0219urat \u00een perioada 27.07.2020 &#8211; 29.07.2020. Ca urmare a solicit\u0103rii spitalului de prelungire a procesului de acreditare \u00een vedrea remedierii neconformit\u0103\u021bilor, Spitalului de Boli Psihice Cronice Bor\u0219a a fost re\u00eencadrat \u00een categoria a II-a de acreditare &#8222;Acreditare cu recomandari&#8221;, conform Ordinului A.N.M.C.S. nr. 368\/14.12.2021.<\/p>\n<p>Activitatea spitalului define\u0219te oferta de servicii medicale av\u00e2nd ca obiectiv reducerea la minim a consecin\u021belor ap\u0103rute pe parcursul evolu\u021biei afec\u021biunii psihice, procesul de stabilizare desf\u0103\u0219ur\u00e2ndu-se pe \u00eentreg parcursul afec\u021biunii psihice cronicizate.<\/p>\n<p>\u00cen contextul social actual specificul unit\u0103\u021bii noastre \u00eenregistreaz\u0103 adresabilitate in cre\u0219tere constant\u0103, nevoia de servicii medicale de specialitate este foarte mare \u00een compara\u021bie cu oferta de astfel de servicii medicale.<\/p>\n<p><strong>Structura organizatoric\u0103<\/strong> a Spitalului de Boli Psihice Cronice Bor\u0219a, aprobat\u0103 prin\u00a0 Hot\u0103r\u00e2rea Consiliului Jude\u021bean Cluj, cu avizul Ministerului S\u0103n\u0103t\u0103\u021bii, este urm\u0103toarea:<\/p>\n<p>Sec\u021bia psihiatrie cronici de lung\u0103 durat\u0103\u00a0 \u00a0 \u00a0 \u00a0 \u00a0 \u00a0 \u00a0 \u00a0 \u00a0 \u00a0 \u00a0 \u00a0 \u00a0 \u00a0 \u00a0 \u00a0 \u00a0 \u00a0 \u00a0 \u00a0 \u00a0 \u00a0 \u00a0 \u00a0&#8211; 195 paturi;<\/p>\n<p>Farmacie<\/p>\n<p>Compartimentul de prevenire a infec\u021biilor asociate asisten\u021bei medicale;<\/p>\n<p>Ambulatoriul integrat spitalului cu cabinete \u00een specialit\u0103\u021bile: &#8211; pshihiatrie<\/p>\n<p>Aparatul func\u021bional<\/p>\n<p><strong>Statul de functii<\/strong> al spitalului cuprinde un numar de 172,5 posturi aprobate, astfel:<\/p>\n<p>&#8211; 3 posturi comitet director<\/p>\n<p>&#8211; 1 post medic sef sectie, medic primar in specialitatea psihiatrie<\/p>\n<p>&#8211; 4 posturi medic primar<\/p>\n<p>&#8211; 2 posturi medic specialist psihiatru<\/p>\n<p>&#8211; 1 post medic specialist<\/p>\n<p>&#8211; 0.5 post medic specialist boli infectioase<\/p>\n<p>&#8211; 0.5 medic specialist epidemiolog<\/p>\n<p>&#8211; 1 post farmacist sef<\/p>\n<p>&#8211; 1 post psiholog<\/p>\n<p>&#8211; 2 posturi asistent social<\/p>\n<p>&#8211; 33.5 posturi asistent medical<\/p>\n<p>&#8211; 2 posturi statistic\u0103 \u0219i registratur\u0103 medical\u0103<\/p>\n<p>&#8211; 59 posturi infirmier<\/p>\n<p>&#8211; 3 posturi instructor ergoterapie<\/p>\n<p>&#8211; 14 posturi ingrijitor curatenie<\/p>\n<p>&#8211; 45 posturi personal deservire (economic, tehnic, administrativ, achizi\u021bii).<\/p>\n<p>Nota \u2013 spitalul colaboreaza cu medici din exterior in scopul asigurarii liniei de garda, precum si un medic specialist epidemiolog.<\/p>\n<p><strong>Lista afectiunilor care impun internarea in Spitalul de Boli Psihice Cronice Borsa <\/strong><\/p>\n<p>F00-F07 Tulburari mentale organice<\/p>\n<p>F10-F19 Tulburari mentale si de comportament legate de consumul de substante psihoactive<\/p>\n<p>F20-F29 Schizofrenia, tulburari schizotipale si tulburari delirante<\/p>\n<p>F30-F39 Tulburari ale dispozitiei (afective), cu exceptia:<\/p>\n<p>F33.0 Tulburare depresiva recurenta, episod actual usor<\/p>\n<p>F60-F69 Tulburarile personalitatii si de comportament la adulti<\/p>\n<p>F70-F79 Retard mental, cu exceptia:<\/p>\n<p>F70.0 Intarziere mentala usoara cu deficienta de comportament minima sau absenta<\/p>\n<p>Activit\u0103\u021bile de ergoterapie \u0219i terapie ocupa\u021bional\u0103\u00a0 au fac parte din programul zilnic al pacientului, complet\u00e2nd tratamentul medicamentos. Se lucreaz\u0103\u00a0 \u00een scopul cre\u0219terii adaptabilit\u0103\u021bii pacientului la munca \u00een echip\u0103, dezvoltarea aptitudinilor de comunicare \u0219i de exprimare. S-a avut \u00een vedere implementarea unui sistem de re\u00eenv\u0103\u021bare a abilit\u0103\u021bilor de comunicare \u0219i de socializare.<\/p>\n<p>Se desfasoara sesiunile bis\u0103pt\u0103m\u00e2nale comune cu \u201eAlcoolicii Anonimi\u201d, de tip psihoterapie de grup, sub \u00eendrumarea echipei psiholog-ergoterapeut precum \u0219i activitatea grupului de suport \u0219i educatie medicala pentru pacientii diabetici, coordonat de catre medicul internist \u0219i asistenta dieteticiana.<\/p>\n<p>S-a initiat un grup de suport pentru pacientii cu diagnostic de schizofrenie, coordonat de catre un medic psihiatru \u0219i un ergoterapeut.<\/p>\n<p><strong>Evolutia principalilor indicatori medicali, de utilizare\u00a0 a serviciilor\u00a0 realiza\u021bi \u00een perioada 2015-2022<\/strong>.<\/p>\n<table width=\"661\">\n<tbody>\n<tr>\n<td style=\"text-align: center;\" width=\"151\">CRITERIU \/ AN<\/td>\n<td width=\"66\">2015<\/td>\n<td width=\"57\">2016<\/td>\n<td width=\"66\">2017<\/td>\n<td width=\"66\">2018<\/td>\n<td width=\"66\">2019<\/td>\n<td width=\"66\">2020<\/td>\n<td width=\"66\">2021<\/td>\n<td width=\"57\">2022<\/td>\n<\/tr>\n<tr>\n<td width=\"151\">Nr. pacien\u021bi interna\u021bi<\/td>\n<td width=\"66\">298<\/td>\n<td width=\"57\">263<\/td>\n<td width=\"66\">274<\/td>\n<td width=\"66\">156<\/td>\n<td width=\"66\">98<\/td>\n<td width=\"66\">31<\/td>\n<td width=\"66\">107<\/td>\n<td style=\"text-align: center;\" width=\"57\">197<\/td>\n<\/tr>\n<tr>\n<td width=\"151\">Nr. pacien\u021bi externa\u021bi<\/td>\n<td width=\"66\">295<\/td>\n<td width=\"57\">271<\/td>\n<td width=\"66\">271<\/td>\n<td width=\"66\">162<\/td>\n<td width=\"66\">90<\/td>\n<td width=\"66\">43<\/td>\n<td width=\"66\">95<\/td>\n<td width=\"57\">196<\/td>\n<\/tr>\n<tr>\n<td width=\"151\">Durata medie de spitalizare realizata de spital<\/td>\n<td width=\"66\">145,04<\/td>\n<td width=\"57\">154,83<\/td>\n<td width=\"66\">150,76<\/td>\n<td width=\"66\">203,39<\/td>\n<td width=\"66\">249,04<\/td>\n<td width=\"66\">303,87<\/td>\n<td width=\"66\">244,04<\/td>\n<td width=\"57\">181,26<\/td>\n<\/tr>\n<tr>\n<td width=\"151\">Num\u0103r zile de spitalizare realizate \/an<\/td>\n<td style=\"text-align: center;\" width=\"66\">71071<\/td>\n<td style=\"text-align: center;\" width=\"57\">70914<\/td>\n<td style=\"text-align: center;\" width=\"66\">69500<\/td>\n<td style=\"text-align: center;\" width=\"66\">70372<\/td>\n<td style=\"text-align: center;\" width=\"66\">70228<\/td>\n<td style=\"text-align: center;\" width=\"66\">67763<\/td>\n<td style=\"text-align: center;\" width=\"66\">70039<\/td>\n<td style=\"text-align: center;\" width=\"57\">70510<\/td>\n<\/tr>\n<\/tbody>\n<\/table>\n<p><strong>Evolu\u021bia principalilor indicatori de calitate ai activit\u0103\u021bii medicale in perioada 2015-2022.<\/strong><\/p>\n<table width=\"632\">\n<tbody>\n<tr>\n<td width=\"255\"><strong>CRITERIU \/ AN<\/strong><\/td>\n<td width=\"47\"><strong>2015<\/strong><\/td>\n<td width=\"47\"><strong>2016<\/strong><\/td>\n<td width=\"47\"><strong>2017<\/strong><\/td>\n<td width=\"47\"><strong>2018<\/strong><\/td>\n<td width=\"47\"><strong>2019<\/strong><\/td>\n<td width=\"47\"><strong>2020<\/strong><\/td>\n<td width=\"47\"><strong>2021<\/strong><\/td>\n<td width=\"47\"><strong>2022<\/strong><\/td>\n<\/tr>\n<tr>\n<td width=\"255\">Num\u0103r infec\u021bii asociate asisten\u021bei medicale<\/td>\n<td width=\"47\">1<\/td>\n<td width=\"47\">0<\/td>\n<td width=\"47\">2<\/td>\n<td width=\"47\">1<\/td>\n<td width=\"47\">2<\/td>\n<td width=\"47\">44<\/td>\n<td width=\"47\">5<\/td>\n<td width=\"47\">37<\/td>\n<\/tr>\n<tr>\n<td width=\"255\">Indicele de deces<\/td>\n<td width=\"47\">1,02<\/td>\n<td width=\"47\">1,11<\/td>\n<td width=\"47\">2,58<\/td>\n<td width=\"47\">1,85<\/td>\n<td width=\"47\">2,22<\/td>\n<td width=\"47\">20,93<\/td>\n<td width=\"47\">6,32<\/td>\n<td width=\"47\">1,53<\/td>\n<\/tr>\n<tr>\n<td width=\"255\">Analize medicale efectuate<\/td>\n<td width=\"47\">4416<\/td>\n<td width=\"47\">4508<\/td>\n<td width=\"47\">5579<\/td>\n<td width=\"47\">2295<\/td>\n<td width=\"47\">2344<\/td>\n<td width=\"47\">2571<\/td>\n<td width=\"47\">2809<\/td>\n<td width=\"47\">5217<\/td>\n<\/tr>\n<tr>\n<td width=\"255\">Consulta\u021bii interdisciplinare<\/td>\n<td width=\"47\">76<\/td>\n<td width=\"47\">160<\/td>\n<td width=\"47\">418<\/td>\n<td width=\"47\">138<\/td>\n<td width=\"47\">122<\/td>\n<td width=\"47\">79<\/td>\n<td width=\"47\">77<\/td>\n<td width=\"47\">178<\/td>\n<\/tr>\n<\/tbody>\n<\/table>\n<p><strong>INFRASTRUCTURA <\/strong><\/p>\n<p>Spitalul de Boli psihice Cronice Borsa urmare\u00a0 procesului de retrocedare, \u0219i-a relocat activitatea pe noile spa\u021bii intrate \u00een proprietatea jude\u021buli Cluj \u0219i \u00een folosin\u021ba spitalului \u00eencep\u00e2nd cu anul 2013.<\/p>\n<p>Incinta spitalul cuprinde o suprafa\u021ba de 25.446 mp, pe care sunt edificate cl\u0103dirile care formeaz\u0103 infrastructura in care spitalul \u00ee\u0219i desf\u0103\u0219oar\u0103 activitatea de spitalizare a num\u0103rului de 195 pacien\u021bi, astfel:<\/p>\n<p><strong>Pavilionul I.<\/strong> Acest pavilion modern dat \u00een folosin\u021b\u0103 \u00een anul 2019 este dotat cu spa\u021bii de cazare, intr-un num\u0103r de 23 de saloane, cabinete medicale \u0219i alte spa\u021bii de deservire. \u00cen acest pavilion sunt spitaliza\u021bi un num\u0103r de 132 pacien\u021bi. De asemenea \u00een demisolul acestui pavilion sunt \u00a0amplasate blocul alimentar, sala de mese, depozite \u0219i sp\u0103l\u0103toria.<\/p>\n<p><strong>Pavilionul II<\/strong> in care sunt spitaliza\u021bi un num\u0103r de 53 pacien\u021bi. In aceasta cl\u0103dire sunt amplasate un num\u0103r de 11 saloane, care dispun de grupuri sanitare comune. Cl\u0103direa este deservita de o centrala termica.<\/p>\n<p><strong>Cl\u0103direa \u201eateliere\u201d<\/strong> in care sunt spitaliza\u021bi un num\u0103r de 10 pacien\u021bii in 2 saloane de izolare epidemiologic\u0103. In aceasta cl\u0103dire sunt amplasate cabinete in care isi desf\u0103\u0219oar\u0103 activitatea psihologul, asisten\u021bii sociali, asistenta \u0219efa, precum si ateliere tehnice.<\/p>\n<p><strong>Pavilionul de Ergoterapie<\/strong>\u00a0in care sunt amplasate un num\u0103r de 3 ateliere in care se desf\u0103\u0219oar\u0103 activit\u0103\u021bi de recreere si petrecere a timpului liber. Cl\u0103direa este deservita de o centrala termica.<\/p>\n<p><strong>Pavilionul administrativ\u00a0<\/strong>este destinat desf\u0103\u0219ur\u0103rii activit\u0103\u021bii administrative, birouri, arhiva, etc.<\/p>\n<p><strong>Casa poarta<\/strong>\u00a0asigura interfa\u021ba spitalului si gestioneaz\u0103 accesul in spital.<\/p>\n<p><strong>Incinta spitalul<\/strong>\u00a0este \u00eemprejmuita, asigurata cu sisteme de supraveghere video, permite accesul si circula\u021bie interioara prin drumuri si alei pietonale.<\/p>\n<p><strong>Spa\u021biul verde<\/strong>\u00a0din incinta spitalului este bine \u00eentre\u021binut si ofer\u0103 un cadru ambiantal pl\u0103cut pacien\u021bilor spitaliza\u021bi.<\/p>\n","protected":false},"excerpt":{"rendered":"<p>Spitalul de Boli Psihice Cronice Bor\u0219a este unitatea sanitar\u0103 cu paturi, de utilitate public\u0103, cu personalitate juridic\u0103 ce furnizeaz\u0103 servicii medicale, \u00eenfiin\u021bat prin\u00a0 Deciziei nr. 41.408\/1956 a fostului Comitet Executiv al Sfatului Popular Regional Cluj. Sediul Spitalului de Boli Psihice &hellip; <a href=\"https:\/\/www.spitalpsihiatrieborsa.ro\/\">Continue reading <span class=\"meta-nav\">&rarr;<\/span><\/a><\/p>\n","protected":false},"author":3,"featured_media":0,"parent":0,"menu_order":0,"comment_status":"closed","ping_status":"closed","template":"","meta":{"footnotes":""},"class_list":["post-8","page","type-page","status-publish","hentry"],"_links":{"self":[{"href":"https:\/\/www.spitalpsihiatrieborsa.ro\/index.php?rest_route=\/wp\/v2\/pages\/8","targetHints":{"allow":["GET"]}}],"collection":[{"href":"https:\/\/www.spitalpsihiatrieborsa.ro\/index.php?rest_route=\/wp\/v2\/pages"}],"about":[{"href":"https:\/\/www.spitalpsihiatrieborsa.ro\/index.php?rest_route=\/wp\/v2\/types\/page"}],"author":[{"embeddable":true,"href":"https:\/\/www.spitalpsihiatrieborsa.ro\/index.php?rest_route=\/wp\/v2\/users\/3"}],"replies":[{"embeddable":true,"href":"https:\/\/www.spitalpsihiatrieborsa.ro\/index.php?rest_route=%2Fwp%2Fv2%2Fcomments&post=8"}],"version-history":[{"count":63,"href":"https:\/\/www.spitalpsihiatrieborsa.ro\/index.php?rest_route=\/wp\/v2\/pages\/8\/revisions"}],"predecessor-version":[{"id":3472,"href":"https:\/\/www.spitalpsihiatrieborsa.ro\/index.php?rest_route=\/wp\/v2\/pages\/8\/revisions\/3472"}],"wp:attachment":[{"href":"https:\/\/www.spitalpsihiatrieborsa.ro\/index.php?rest_route=%2Fwp%2Fv2%2Fmedia&parent=8"}],"curies":[{"name":"wp","href":"https:\/\/api.w.org\/{rel}","templated":true}]}}