
		
		
		
{"id":4262,"date":"2025-12-30T11:25:13","date_gmt":"2025-12-30T09:25:13","guid":{"rendered":"https:\/\/www.spitalpsihiatrieborsa.ro\/?page_id=4262"},"modified":"2026-05-13T08:21:01","modified_gmt":"2026-05-13T05:21:01","slug":"medicina-interna-un-cabinet","status":"publish","type":"page","link":"https:\/\/www.spitalpsihiatrieborsa.ro\/?page_id=4262","title":{"rendered":"Medicina Interna &#8211; un cabinet"},"content":{"rendered":"<p><strong>CONSULTA\u021aII MEDICIN<\/strong><strong>\u0102 INTERN\u0102<\/strong><strong> CAS AMBULATORIU INTEGRAT SBPC BOR\u0218A <\/strong><\/p>\n<p><span style=\"color: #0000ff;\"><strong>Program de func\u021bionare:<\/strong><strong>\u00a0luni \u2013 vineri \u00eentre orele 9:30 \u2013 13:00<\/strong><\/span><\/p>\n<p><strong>Dr. CRI\u0218AN-LANG LARISA medic specialist Medicin\u0103 Intern\u0103<\/strong><\/p>\n<p><strong>Program\u0103ri: luni \u2013 vineri \u00eentre orele 9:00-12:00, la nr. de telefon: 0774501548<\/strong><\/p>\n<p><strong>Pacien\u021bii se prezint\u0103 la consulta\u021bii cu cartea de identitate, card de s\u0103n\u0103tate \u0219i biletul de trimitere de la medicul de familie\/medic specialist.<\/strong><\/p>\n<p><strong>Prin efectuarea program\u0103rii v\u0103 exprima\u021bi acordul pentru prelucrarea datelor dumneavoastr\u0103 cu caracter personal \u00een scopul furniz\u0103rii de servicii medicale.<\/strong><\/p>\n<div dir=\"ltr\"><strong> Investiga\u021bii moderne pentru evaluarea s\u0103n\u0103t\u0103\u021bii cardiovasculare<\/strong><\/div>\n<div dir=\"ltr\"><strong>\u00cen cadrul Cabinetului de Medicin\u0103 Intern\u0103 din cadrul Spitalului de Boli Psihice Cronice Bor\u0219a sunt disponibile investiga\u021bii de monitorizare ambulatorie moderne, utile pentru diagnosticarea \u0219i urm\u0103rirea afec\u021biunilor cardiovasculare:<\/strong><\/div>\n<div dir=\"ltr\"><strong>\u2714\ufe0f Holter EKG \u2013 pentru detectarea tulbur\u0103rilor de ritm cardiac<\/strong><\/div>\n<div dir=\"ltr\"><strong>\u2714\ufe0f Holter tensiune arterial\u0103 \u2013 pentru evaluarea profilului tensional pe 24 de ore<\/strong><\/div>\n<div dir=\"ltr\"><strong>O evaluare corect\u0103 \u00eencepe cu investiga\u021bia potrivit\u0103. \u2764\ufe0f<\/strong><\/div>\n<div dir=\"ltr\"><strong> Program\u0103ri disponibile \u00een cadrul Ambulatoriului Integrat \u2013 Medicin\u0103 Intern\u0103.<\/strong><\/div>\n<div dir=\"ltr\"><strong>Pentru informa\u021bii \u0219i program\u0103ri, v\u0103 a\u0219tept\u0103m s\u0103 ne contacta\u021bi.<\/strong><\/div>\n<hr \/>\n<ul>\n<li><strong><a href=\"https:\/\/www.spitalpsihiatrieborsa.ro\/wp-content\/uploads\/Tarife_asistenta_medicala_ambulatorie-clinica-serv-diagnostice-terapeutice-1.pdf\">Tarife asistenta medicala ambulatorie clinica servicii diagnostice terapeutice<\/a><\/strong><\/li>\n<li><strong><a href=\"https:\/\/www.spitalpsihiatrieborsa.ro\/wp-content\/uploads\/Tarife_asistenta_medicala_ambulatorie-clinica-servicii-clinice-1.pdf\">T<\/a><a href=\"https:\/\/www.spitalpsihiatrieborsa.ro\/wp-content\/uploads\/Tarife_asistenta_medicala_ambulatorie-clinica-servicii-clinice-1.pdf\" rel=\"lightbox\">arife asistenta medicala ambulatorie clinica servicii clinice<\/a><\/strong><\/li>\n<\/ul>\n","protected":false},"excerpt":{"rendered":"<p>CONSULTA\u021aII MEDICIN\u0102 INTERN\u0102 CAS AMBULATORIU INTEGRAT SBPC BOR\u0218A Program de func\u021bionare:\u00a0luni \u2013 vineri \u00eentre orele 9:30 \u2013 13:00 Dr. CRI\u0218AN-LANG LARISA medic specialist Medicin\u0103 Intern\u0103 Program\u0103ri: luni \u2013 vineri \u00eentre orele 9:00-12:00, la nr. de telefon: 0774501548 Pacien\u021bii se prezint\u0103 &hellip; <a href=\"https:\/\/www.spitalpsihiatrieborsa.ro\/?page_id=4262\">Continue reading <span class=\"meta-nav\">&rarr;<\/span><\/a><\/p>\n","protected":false},"author":3,"featured_media":0,"parent":0,"menu_order":0,"comment_status":"closed","ping_status":"closed","template":"","meta":{"footnotes":""},"class_list":["post-4262","page","type-page","status-publish","hentry"],"_links":{"self":[{"href":"https:\/\/www.spitalpsihiatrieborsa.ro\/index.php?rest_route=\/wp\/v2\/pages\/4262","targetHints":{"allow":["GET"]}}],"collection":[{"href":"https:\/\/www.spitalpsihiatrieborsa.ro\/index.php?rest_route=\/wp\/v2\/pages"}],"about":[{"href":"https:\/\/www.spitalpsihiatrieborsa.ro\/index.php?rest_route=\/wp\/v2\/types\/page"}],"author":[{"embeddable":true,"href":"https:\/\/www.spitalpsihiatrieborsa.ro\/index.php?rest_route=\/wp\/v2\/users\/3"}],"replies":[{"embeddable":true,"href":"https:\/\/www.spitalpsihiatrieborsa.ro\/index.php?rest_route=%2Fwp%2Fv2%2Fcomments&post=4262"}],"version-history":[{"count":9,"href":"https:\/\/www.spitalpsihiatrieborsa.ro\/index.php?rest_route=\/wp\/v2\/pages\/4262\/revisions"}],"predecessor-version":[{"id":4436,"href":"https:\/\/www.spitalpsihiatrieborsa.ro\/index.php?rest_route=\/wp\/v2\/pages\/4262\/revisions\/4436"}],"wp:attachment":[{"href":"https:\/\/www.spitalpsihiatrieborsa.ro\/index.php?rest_route=%2Fwp%2Fv2%2Fmedia&parent=4262"}],"curies":[{"name":"wp","href":"https:\/\/api.w.org\/{rel}","templated":true}]}}