
		
		
		
{"id":407,"date":"2014-10-29T12:48:50","date_gmt":"2014-10-29T10:48:50","guid":{"rendered":"http:\/\/www.spitalpsihiatrieborsa.ro\/?page_id=407"},"modified":"2023-08-23T12:42:50","modified_gmt":"2023-08-23T09:42:50","slug":"dotari","status":"publish","type":"page","link":"https:\/\/www.spitalpsihiatrieborsa.ro\/?page_id=407","title":{"rendered":"Dotari"},"content":{"rendered":"<p style=\"text-align: center;\"><strong>INFRASTRUCTURA SI DOTARE<\/strong><\/p>\n<p>Spitalul de Boli psihice Cronice Borsa urmare\u00a0 procesului de retrocedare, \u0219i-a relocat activitatea pe noile spa\u021bii intrate \u00een proprietatea jude\u021buli Cluj \u0219i \u00een folosin\u021ba spitalului \u00eencep\u00e2nd cu anul 2013.<\/p>\n<p>Incinta spitalul cuprinde o suprafa\u021ba de 25.499 mp, pe care sunt edificate cl\u0103dirile care formeaz\u0103 infrastructura in care spitalul \u00ee\u0219i desf\u0103\u0219oar\u0103 activitatea de spitalizare a num\u0103rului de 195 pacien\u021bi, astfel:<\/p>\n<p><strong>Pavilionul I.<\/strong>\u00a0Acest pavilion modern dat \u00een folosin\u021b\u0103 \u00een anul 2019 este dotat cu spa\u021bii de cazare, intr-un num\u0103r de 23 de saloane, cabinete medicale \u0219i alte spa\u021bii de deservire. \u00cen acest pavilion sunt spitaliza\u021bi un num\u0103r de 129 pacien\u021bi. De asemenea \u00een demisolul acestui pavilion sunt \u00a0amplasate blocul alimentar, sala de mese, depozite \u0219i sp\u0103l\u0103toria.<\/p>\n<p><strong>Pavilionul II<\/strong>\u00a0in care sunt spitaliza\u021bi un num\u0103r de 56 pacien\u021bi. In aceasta cl\u0103dire sunt amplasate un num\u0103r de 11 saloane, care dispun de grupuri sanitare comune. Cl\u0103direa este deservita de o centrala termica.<\/p>\n<p><strong>Cl\u0103direa \u201eateliere\u201d<\/strong>\u00a0in care sunt spitaliza\u021bi un num\u0103r de 10 pacien\u021bii in 2 saloane de izolare epidemiologic\u0103. In aceasta cl\u0103dire sunt amplasate cabinete in care isi desf\u0103\u0219oar\u0103 activitatea psihologul, asisten\u021bii sociali, asistenta \u0219efa, precum si ateliere tehnice.<\/p>\n<p><strong>Pavilionul de Ergoterapie<\/strong>\u00a0in care sunt amplasate un num\u0103r de 3 ateliere in care se desf\u0103\u0219oar\u0103 activit\u0103\u021bi de recreere si petrecere a timpului liber. Cl\u0103direa este deservita de o centrala termica.<\/p>\n<p><strong>Pavilionul administrativ\u00a0<\/strong>este destinat desf\u0103\u0219ur\u0103rii activit\u0103\u021bii administrative, birouri, arhiva, etc.<\/p>\n<p><strong>Casa poarta<\/strong>\u00a0asigura interfa\u021ba spitalului si gestioneaz\u0103 accesul in spital.<\/p>\n<p><strong>Incinta spitalul<\/strong>\u00a0este \u00eemprejmuita, asigurata cu sisteme de supraveghere video, permite accesul si circula\u021bie interioara prin drumuri si alei pietonale.<\/p>\n<p><strong>Spa\u021biul verde<\/strong>\u00a0din incinta spitalului este bine \u00eentre\u021binut si ofer\u0103 un cadru ambiantal pl\u0103cut pacien\u021bilor spitaliza\u021bi.<\/p>\n<p><strong>Dotarea func\u021bionala:<\/strong><\/p>\n<p>Aparatura si utilaje necesare func\u021bionarii blocului alimentar<\/p>\n<p>Aparatura si utilaje necesare func\u021bionarii sp\u0103l\u0103toriei<\/p>\n<p>Montcharj-uri pentru asigurarea func\u021bionalit\u0103\u021bii blocului alimentar si sp\u0103l\u0103toriei<\/p>\n<p>Centrale termice<\/p>\n<p>Rampe de acces pentru persoane cu dizabilit\u0103\u021bi<\/p>\n<p>Sta\u021bie epurare<\/p>\n<p>Sisteme de detec\u021bie de fum<\/p>\n<p>Sisteme de supraveghere video interior si exterior<\/p>\n<p>Sistem informatic integrat<\/p>\n<p>Surse alternativa de energie electrica<\/p>\n<p>Re\u021bea acces internet gratuit pentru pacien\u021bi<\/p>\n<p>&nbsp;<\/p>\n<p><strong>Aparatura medicala :<\/strong><\/p>\n<p>Defibrilator semiautomat \u2013 2 bucati<\/p>\n<p>Defibrilator cu monitor &#8211;\u00a0 1 bucata<\/p>\n<p>Electrocardiograf\u00a0 &#8211;\u00a0 1 bucata<\/p>\n<p>Lampa mobile examinare\u00a0 &#8211;\u00a0 1 bucata<\/p>\n<p>Troliu instrumente \u2013 medicamente\u00a0 &#8211; 1 bucata<\/p>\n<p>EKG &#8211; 1 bucata<\/p>\n<p>Aparat respirat \u2013 3 bucati<\/p>\n<p>Spitalul dispune de 1 ambulanta tip A2 si 1 \u00a0Dacia Logan .<\/p>\n","protected":false},"excerpt":{"rendered":"<p>INFRASTRUCTURA SI DOTARE Spitalul de Boli psihice Cronice Borsa urmare\u00a0 procesului de retrocedare, \u0219i-a relocat activitatea pe noile spa\u021bii intrate \u00een proprietatea jude\u021buli Cluj \u0219i \u00een folosin\u021ba spitalului \u00eencep\u00e2nd cu anul 2013. Incinta spitalul cuprinde o suprafa\u021ba de 25.499 mp, &hellip; <a href=\"https:\/\/www.spitalpsihiatrieborsa.ro\/?page_id=407\">Continue reading <span class=\"meta-nav\">&rarr;<\/span><\/a><\/p>\n","protected":false},"author":3,"featured_media":0,"parent":0,"menu_order":0,"comment_status":"closed","ping_status":"closed","template":"","meta":{"footnotes":""},"class_list":["post-407","page","type-page","status-publish","hentry"],"_links":{"self":[{"href":"https:\/\/www.spitalpsihiatrieborsa.ro\/index.php?rest_route=\/wp\/v2\/pages\/407","targetHints":{"allow":["GET"]}}],"collection":[{"href":"https:\/\/www.spitalpsihiatrieborsa.ro\/index.php?rest_route=\/wp\/v2\/pages"}],"about":[{"href":"https:\/\/www.spitalpsihiatrieborsa.ro\/index.php?rest_route=\/wp\/v2\/types\/page"}],"author":[{"embeddable":true,"href":"https:\/\/www.spitalpsihiatrieborsa.ro\/index.php?rest_route=\/wp\/v2\/users\/3"}],"replies":[{"embeddable":true,"href":"https:\/\/www.spitalpsihiatrieborsa.ro\/index.php?rest_route=%2Fwp%2Fv2%2Fcomments&post=407"}],"version-history":[{"count":7,"href":"https:\/\/www.spitalpsihiatrieborsa.ro\/index.php?rest_route=\/wp\/v2\/pages\/407\/revisions"}],"predecessor-version":[{"id":2713,"href":"https:\/\/www.spitalpsihiatrieborsa.ro\/index.php?rest_route=\/wp\/v2\/pages\/407\/revisions\/2713"}],"wp:attachment":[{"href":"https:\/\/www.spitalpsihiatrieborsa.ro\/index.php?rest_route=%2Fwp%2Fv2%2Fmedia&parent=407"}],"curies":[{"name":"wp","href":"https:\/\/api.w.org\/{rel}","templated":true}]}}