
		
		
		
{"id":3923,"date":"2025-05-28T11:02:48","date_gmt":"2025-05-28T08:02:48","guid":{"rendered":"https:\/\/www.spitalpsihiatrieborsa.ro\/?page_id=3923"},"modified":"2025-05-28T12:04:50","modified_gmt":"2025-05-28T09:04:50","slug":"test-3","status":"publish","type":"page","link":"https:\/\/www.spitalpsihiatrieborsa.ro\/?page_id=3923","title":{"rendered":"Raportare anonima"},"content":{"rendered":"\n<div class=\"wpcf7 no-js\" id=\"wpcf7-f3921-o1\" lang=\"ro-RO\" dir=\"ltr\" data-wpcf7-id=\"3921\">\n<div class=\"screen-reader-response\"><p role=\"status\" aria-live=\"polite\" aria-atomic=\"true\"><\/p> <ul><\/ul><\/div>\n<form action=\"\/index.php?rest_route=%2Fwp%2Fv2%2Fpages%2F3923#wpcf7-f3921-o1\" method=\"post\" class=\"wpcf7-form init\" aria-label=\"Formular de contact\" enctype=\"multipart\/form-data\" novalidate=\"novalidate\" data-status=\"init\">\n<fieldset class=\"hidden-fields-container\"><input type=\"hidden\" name=\"_wpcf7\" value=\"3921\" \/><input type=\"hidden\" name=\"_wpcf7_version\" value=\"6.1.5\" \/><input type=\"hidden\" name=\"_wpcf7_locale\" value=\"ro_RO\" \/><input type=\"hidden\" name=\"_wpcf7_unit_tag\" value=\"wpcf7-f3921-o1\" \/><input type=\"hidden\" name=\"_wpcf7_container_post\" value=\"0\" \/><input type=\"hidden\" name=\"_wpcf7_posted_data_hash\" value=\"\" \/><input type=\"hidden\" name=\"_wpcf7_recaptcha_response\" value=\"\" \/>\n<\/fieldset>\n<p><label>Cod unic de \u00eenregistrare<\/label><br \/>\n<span class=\"wpcf7-form-control-wrap\" data-name=\"cod-unic-a\"><input size=\"40\" maxlength=\"400\" class=\"wpcf7-form-control wpcf7-text\" id=\"cod-unic-a\" readonly=\"readonly\" aria-invalid=\"false\" value=\"\" type=\"text\" name=\"cod-unic-a\" \/><\/span>\n<\/p>\n<p><label>Entitatea care face obiectul raport\u0103rii *<\/label><br \/>\n<span class=\"wpcf7-form-control-wrap\" data-name=\"entitate-raportata\"><input size=\"40\" maxlength=\"400\" class=\"wpcf7-form-control wpcf7-text wpcf7-validates-as-required\" aria-required=\"true\" aria-invalid=\"false\" value=\"\" type=\"text\" name=\"entitate-raportata\" \/><\/span>\n<\/p>\n<p><label>CUI *<\/label><br \/>\n<span class=\"wpcf7-form-control-wrap\" data-name=\"cui\"><input size=\"40\" maxlength=\"400\" class=\"wpcf7-form-control wpcf7-text wpcf7-validates-as-required\" aria-required=\"true\" aria-invalid=\"false\" value=\"\" type=\"text\" name=\"cui\" \/><\/span>\n<\/p>\n<p><label>Persoanele implicate (Nume \u0219i prenume)<\/label><br \/>\n<span class=\"wpcf7-form-control-wrap\" data-name=\"persoane-implicate\"><input size=\"40\" maxlength=\"400\" class=\"wpcf7-form-control wpcf7-text\" aria-invalid=\"false\" value=\"\" type=\"text\" name=\"persoane-implicate\" \/><\/span>\n<\/p>\n<p><label>Persoanele care pot confirma raportarea (Dac\u0103 exist\u0103)<\/label><br \/>\n<span class=\"wpcf7-form-control-wrap\" data-name=\"persoane-confirmare\"><input size=\"40\" maxlength=\"400\" class=\"wpcf7-form-control wpcf7-text\" aria-invalid=\"false\" value=\"\" type=\"text\" name=\"persoane-confirmare\" \/><\/span>\n<\/p>\n<p><label>Contextul profesional \u00een care au fost ob\u021binute informa\u021biile *<\/label><br \/>\n<span class=\"wpcf7-form-control-wrap\" data-name=\"context-profesional\"><textarea cols=\"40\" rows=\"10\" maxlength=\"2000\" class=\"wpcf7-form-control wpcf7-textarea wpcf7-validates-as-required\" aria-required=\"true\" aria-invalid=\"false\" name=\"context-profesional\"><\/textarea><\/span>\n<\/p>\n<p><label>\u00cenc\u0103lcarea legii este \u00een curs de desf\u0103\u0219urare?<\/label>\n<\/p>\n<p><span class=\"wpcf7-form-control-wrap\" data-name=\"incalcare-in-desfasurare\"><span class=\"wpcf7-form-control wpcf7-radio\"><span class=\"wpcf7-list-item first\"><label><input type=\"radio\" name=\"incalcare-in-desfasurare\" value=\"Da\" \/><span class=\"wpcf7-list-item-label\">Da<\/span><\/label><\/span><span class=\"wpcf7-list-item last\"><label><input type=\"radio\" name=\"incalcare-in-desfasurare\" value=\"Nu\" \/><span class=\"wpcf7-list-item-label\">Nu<\/span><\/label><\/span><\/span><\/span>\n<\/p>\n<p><label>Descrierea detaliat\u0103 a faptei *<\/label><br \/>\n<span class=\"wpcf7-form-control-wrap\" data-name=\"descriere-fapta\"><textarea cols=\"40\" rows=\"10\" maxlength=\"2000\" class=\"wpcf7-form-control wpcf7-textarea wpcf7-validates-as-required\" aria-required=\"true\" aria-invalid=\"false\" name=\"descriere-fapta\"><\/textarea><\/span>\n<\/p>\n<p><label>Ce legi, ordine sau regulamente au fost \u00eenc\u0103lcate?<\/label><br \/>\n<span class=\"wpcf7-form-control-wrap\" data-name=\"legi-incalcate\"><textarea cols=\"40\" rows=\"10\" maxlength=\"2000\" class=\"wpcf7-form-control wpcf7-textarea\" aria-invalid=\"false\" name=\"legi-incalcate\"><\/textarea><\/span>\n<\/p>\n<p><label>Men\u021biona\u021bi documentele care pot fi verificate<\/label><br \/>\n<span class=\"wpcf7-form-control-wrap\" data-name=\"documente-verificabile\"><textarea cols=\"40\" rows=\"10\" maxlength=\"2000\" class=\"wpcf7-form-control wpcf7-textarea\" aria-invalid=\"false\" name=\"documente-verificabile\"><\/textarea><\/span>\n<\/p>\n<p><label>\u00cencarc\u0103 documente justificative (max 15MB, f\u0103r\u0103 arhive sau fi\u0219iere executabile)<\/label><br \/>\n<span class=\"wpcf7-form-control-wrap\" data-name=\"documente\"><input size=\"40\" class=\"wpcf7-form-control wpcf7-file\" accept=\".pdf,.jpg,.jpeg,.png,.doc,.docx\" aria-invalid=\"false\" type=\"file\" name=\"documente\" \/><\/span>\n<\/p>\n<p><input class=\"wpcf7-form-control wpcf7-submit has-spinner\" type=\"submit\" value=\"Trimite sesizarea\" \/>\n<\/p><div class=\"wpcf7-response-output\" aria-hidden=\"true\"><\/div>\n<\/form>\n<\/div>\n\n","protected":false},"excerpt":{"rendered":"","protected":false},"author":3,"featured_media":0,"parent":0,"menu_order":0,"comment_status":"closed","ping_status":"closed","template":"","meta":{"footnotes":""},"class_list":["post-3923","page","type-page","status-publish","hentry"],"_links":{"self":[{"href":"https:\/\/www.spitalpsihiatrieborsa.ro\/index.php?rest_route=\/wp\/v2\/pages\/3923","targetHints":{"allow":["GET"]}}],"collection":[{"href":"https:\/\/www.spitalpsihiatrieborsa.ro\/index.php?rest_route=\/wp\/v2\/pages"}],"about":[{"href":"https:\/\/www.spitalpsihiatrieborsa.ro\/index.php?rest_route=\/wp\/v2\/types\/page"}],"author":[{"embeddable":true,"href":"https:\/\/www.spitalpsihiatrieborsa.ro\/index.php?rest_route=\/wp\/v2\/users\/3"}],"replies":[{"embeddable":true,"href":"https:\/\/www.spitalpsihiatrieborsa.ro\/index.php?rest_route=%2Fwp%2Fv2%2Fcomments&post=3923"}],"version-history":[{"count":3,"href":"https:\/\/www.spitalpsihiatrieborsa.ro\/index.php?rest_route=\/wp\/v2\/pages\/3923\/revisions"}],"predecessor-version":[{"id":3926,"href":"https:\/\/www.spitalpsihiatrieborsa.ro\/index.php?rest_route=\/wp\/v2\/pages\/3923\/revisions\/3926"}],"wp:attachment":[{"href":"https:\/\/www.spitalpsihiatrieborsa.ro\/index.php?rest_route=%2Fwp%2Fv2%2Fmedia&parent=3923"}],"curies":[{"name":"wp","href":"https:\/\/api.w.org\/{rel}","templated":true}]}}