
		
		
		
{"id":3910,"date":"2025-05-26T11:49:13","date_gmt":"2025-05-26T08:49:13","guid":{"rendered":"https:\/\/www.spitalpsihiatrieborsa.ro\/?page_id=3910"},"modified":"2025-05-29T10:12:18","modified_gmt":"2025-05-29T07:12:18","slug":"avertizori-in-interes-public","status":"publish","type":"page","link":"https:\/\/www.spitalpsihiatrieborsa.ro\/?page_id=3910","title":{"rendered":"Avertizori \u00een interes public"},"content":{"rendered":"<p><a style=\"display: inline-block; text-align: center; cursor: pointer; box-sizing: border-box; background-color: #f2f2f2; color: #000; border: 2px outset #ccc; padding: 1px 6px; text-decoration: none; font: inherit; line-height: normal; margin: 0;\" href=\"https:\/\/www.spitalpsihiatrieborsa.ro\/?page_id=3923\">Raportare anonim\u0103<\/a><\/p>\n<p><a style=\"display: inline-block; text-align: center; cursor: pointer; box-sizing: border-box; background-color: #f2f2f2; color: #000; border: 2px outset #ccc; padding: 1px 6px; text-decoration: none; font: inherit; line-height: normal; margin: 0;\" href=\"https:\/\/www.spitalpsihiatrieborsa.ro\/?page_id=3933\">Raportare nominal\u0103<\/a><\/p>\n<p>O persoan\u0103 care efectueaz\u0103 raport\u0103ri privind \u00eenc\u0103lc\u0103ri ale legii \/ un avertizor \u00een interes public poate efectua raportarea nominal sau anonim. Din punct de vedere procedural, principalele diferen\u021be \u00eentre cele 2 modalit\u0103\u021bi de raportare sunt:<\/p>\n<ul type=\"disc\">\n<li>\u00cen cadrul unei raport\u0103ri nominale exist\u0103 posibilitatea comunic\u0103rii pentru a se clarifica anumite aspecte prezentate \u00een raportare \u00eentre avertizorul \u00een interes public \u0219i persoana desemnat\u0103;<\/li>\n<li>Persoana care raporteaz\u0103 \u00eenc\u0103lc\u0103ri ale legii \u00een mod anonim nu poate beneficia de exonerare \u0219i protec\u021bie \u00een conformitate cu prevederile Legii nr. 361\/2022;<\/li>\n<li>Persoana care raporteaz\u0103 \u00eenc\u0103lc\u0103ri ale legii \u00een mod anonim nu poate fi \u00een\u0219tiin\u021bat\u0103 cu privire la \u00eenregistrarea raport\u0103rii, progresul \u00eenregistrat \u0219i modalitatea de solu\u021bionare;<\/li>\n<li>Prelucrarea datelor cu caracter personal se efectueaz\u0103 potrivit dispozi\u021biilor din Regulamentul (UE) 2016\/679 al Parlamentului European \u015fi al Consiliului din 27 aprilie 2016 privind protec\u0163ia persoanelor fizice \u00een ceea ce prive\u015fte prelucrarea datelor cu caracter personal \u015fi privind libera circula\u0163ie a acestor date \u015fi de abrogare a Directivei 95\/46\/CE (Regulamentul general privind protec\u0163ia datelor) \u015fi din Legea nr. 363\/2018 privind protec\u0163ia persoanelor fizice referitor la prelucrarea datelor cu caracter personal de c\u0103tre autorit\u0103\u0163ile competente \u00een scopul prevenirii, descoperii, cercet\u0103rii, urm\u0103ririi penale \u015fi combaterii infrac\u0163iunilor sau al execut\u0103rii pedepselor, m\u0103surilor educative \u015fi de siguran\u0163\u0103, precum \u015fi privind libera circula\u0163ie a acestor date \u015fi dispozi\u0163iilor din Regulamentul (UE) 2018\/1.725 al Parlamentului European \u015fi al Consiliului din 23 octombrie 2018 privind protec\u0163ia persoanelor fizice \u00een ceea ce prive\u015fte prelucrarea datelor cu caracter personal de c\u0103tre institu\u0163iile, organele, oficiile \u015fi agen\u0163iile Uniunii \u015fi privind libera circula\u0163ie a acestor date \u015fi de abrogare a Regulamentului (CE) nr. 45\/2001 \u015fi a Deciziei nr. 1.247\/2002\/CE.<\/li>\n<\/ul>\n<div>Lista institu\u021biilor, organelor, oficiilor sau agen\u021biilor Uniunii Europene c\u0103tre care se poate efectua o raportare extern\u0103 poate fi reg\u0103sit\u0103 acces\u00e2nd urm\u0103toarele pagini de internet, astfel:<\/div>\n<div>\n<ul>\n<li><a href=\"https:\/\/european-union.europa.eu\/institutions-law-budget\/institutions-and-bodies\/types-institutions-and-bodies_ro\" target=\"_blank\" rel=\"noopener noreferrer\">List\u0103 General\u0103<\/a><\/li>\n<li><a href=\"https:\/\/european-union.europa.eu\/institutions-law-budget\/institutions-and-bodies\/search-all-eu-institutions-and-bodies_ro?f%5B0%5D=oe_organisation_eu_type%3Ahttp%3A\/\/publications.europa.eu\/resource\/authority\/corporate-body-classification\/AGENCY_DEC\" target=\"_blank\" rel=\"noopener noreferrer\">Agen\u021bii Descentralizate<\/a><\/li>\n<li><a href=\"https:\/\/european-union.europa.eu\/institutions-law-budget\/institutions-and-bodies\/search-all-eu-institutions-and-bodies_ro?f%5B0%5D=oe_organisation_eu_type%3Ahttp%3A\/\/publications.europa.eu\/resource\/authority\/corporate-body-classification\/AGENCY_EXEC\" target=\"_blank\" rel=\"noopener noreferrer\">Agen\u021bii Executive<\/a><\/li>\n<\/ul>\n<\/div>\n","protected":false},"excerpt":{"rendered":"<p>Raportare anonim\u0103 Raportare nominal\u0103 O persoan\u0103 care efectueaz\u0103 raport\u0103ri privind \u00eenc\u0103lc\u0103ri ale legii \/ un avertizor \u00een interes public poate efectua raportarea nominal sau anonim. Din punct de vedere procedural, principalele diferen\u021be \u00eentre cele 2 modalit\u0103\u021bi de raportare sunt: \u00cen &hellip; <a href=\"https:\/\/www.spitalpsihiatrieborsa.ro\/?page_id=3910\">Continue reading <span class=\"meta-nav\">&rarr;<\/span><\/a><\/p>\n","protected":false},"author":3,"featured_media":0,"parent":0,"menu_order":0,"comment_status":"closed","ping_status":"closed","template":"","meta":{"footnotes":""},"class_list":["post-3910","page","type-page","status-publish","hentry"],"_links":{"self":[{"href":"https:\/\/www.spitalpsihiatrieborsa.ro\/index.php?rest_route=\/wp\/v2\/pages\/3910","targetHints":{"allow":["GET"]}}],"collection":[{"href":"https:\/\/www.spitalpsihiatrieborsa.ro\/index.php?rest_route=\/wp\/v2\/pages"}],"about":[{"href":"https:\/\/www.spitalpsihiatrieborsa.ro\/index.php?rest_route=\/wp\/v2\/types\/page"}],"author":[{"embeddable":true,"href":"https:\/\/www.spitalpsihiatrieborsa.ro\/index.php?rest_route=\/wp\/v2\/users\/3"}],"replies":[{"embeddable":true,"href":"https:\/\/www.spitalpsihiatrieborsa.ro\/index.php?rest_route=%2Fwp%2Fv2%2Fcomments&post=3910"}],"version-history":[{"count":25,"href":"https:\/\/www.spitalpsihiatrieborsa.ro\/index.php?rest_route=\/wp\/v2\/pages\/3910\/revisions"}],"predecessor-version":[{"id":3945,"href":"https:\/\/www.spitalpsihiatrieborsa.ro\/index.php?rest_route=\/wp\/v2\/pages\/3910\/revisions\/3945"}],"wp:attachment":[{"href":"https:\/\/www.spitalpsihiatrieborsa.ro\/index.php?rest_route=%2Fwp%2Fv2%2Fmedia&parent=3910"}],"curies":[{"name":"wp","href":"https:\/\/api.w.org\/{rel}","templated":true}]}}