
		
		
		
{"id":2883,"date":"2023-12-15T15:20:15","date_gmt":"2023-12-15T13:20:15","guid":{"rendered":"https:\/\/www.spitalpsihiatrieborsa.ro\/?page_id=2883"},"modified":"2023-12-29T13:27:09","modified_gmt":"2023-12-29T11:27:09","slug":"program-de-functionare","status":"publish","type":"page","link":"https:\/\/www.spitalpsihiatrieborsa.ro\/?page_id=2883","title":{"rendered":"Program de func\u0163ionare"},"content":{"rendered":"<h2><\/h2>\n<p style=\"padding-left: 40px;\">Personal de conducere: Luni-Vineri 8:00-16:00<\/p>\n<p style=\"padding-left: 40px;\">Personal TESA: Luni-Vineri 8:00-16:00<\/p>\n<p style=\"padding-left: 40px;\">Personal medico-sanitar: Luni &#8211; Duminic\u0103 &#8211; ture12\/24<\/p>\n<p style=\"padding-left: 40px;\">Medici: Luni-Vineri 8:00-13:00<\/p>\n<p style=\"padding-left: 40px;\">Linie garda &#8211; Luni-Vineri 13:00 &#8211; 8:00, S\u00e2mb\u0103t\u0103-Duminic\u0103 8:00-8:00<\/p>\n<p>&nbsp;<\/p>\n<p>&nbsp;<\/p>\n","protected":false},"excerpt":{"rendered":"<p>Personal de conducere: Luni-Vineri 8:00-16:00 Personal TESA: Luni-Vineri 8:00-16:00 Personal medico-sanitar: Luni &#8211; Duminic\u0103 &#8211; ture12\/24 Medici: Luni-Vineri 8:00-13:00 Linie garda &#8211; Luni-Vineri 13:00 &#8211; 8:00, S\u00e2mb\u0103t\u0103-Duminic\u0103 8:00-8:00 &nbsp; &nbsp;<\/p>\n","protected":false},"author":3,"featured_media":0,"parent":0,"menu_order":0,"comment_status":"closed","ping_status":"closed","template":"","meta":{"footnotes":""},"class_list":["post-2883","page","type-page","status-publish","hentry"],"_links":{"self":[{"href":"https:\/\/www.spitalpsihiatrieborsa.ro\/index.php?rest_route=\/wp\/v2\/pages\/2883","targetHints":{"allow":["GET"]}}],"collection":[{"href":"https:\/\/www.spitalpsihiatrieborsa.ro\/index.php?rest_route=\/wp\/v2\/pages"}],"about":[{"href":"https:\/\/www.spitalpsihiatrieborsa.ro\/index.php?rest_route=\/wp\/v2\/types\/page"}],"author":[{"embeddable":true,"href":"https:\/\/www.spitalpsihiatrieborsa.ro\/index.php?rest_route=\/wp\/v2\/users\/3"}],"replies":[{"embeddable":true,"href":"https:\/\/www.spitalpsihiatrieborsa.ro\/index.php?rest_route=%2Fwp%2Fv2%2Fcomments&post=2883"}],"version-history":[{"count":10,"href":"https:\/\/www.spitalpsihiatrieborsa.ro\/index.php?rest_route=\/wp\/v2\/pages\/2883\/revisions"}],"predecessor-version":[{"id":3150,"href":"https:\/\/www.spitalpsihiatrieborsa.ro\/index.php?rest_route=\/wp\/v2\/pages\/2883\/revisions\/3150"}],"wp:attachment":[{"href":"https:\/\/www.spitalpsihiatrieborsa.ro\/index.php?rest_route=%2Fwp%2Fv2%2Fmedia&parent=2883"}],"curies":[{"name":"wp","href":"https:\/\/api.w.org\/{rel}","templated":true}]}}