
		
		
		
{"id":207,"date":"2014-01-01T13:04:50","date_gmt":"2014-01-01T11:04:50","guid":{"rendered":"http:\/\/spitalpsihiatrieborsa.ro\/?page_id=207"},"modified":"2023-12-28T15:58:55","modified_gmt":"2023-12-28T13:58:55","slug":"coplata-la-externare","status":"publish","type":"page","link":"https:\/\/www.spitalpsihiatrieborsa.ro\/?page_id=207","title":{"rendered":"Coplata la externare"},"content":{"rendered":"<ul>\n<li><span style=\"color: #000000;\">Nu se \u00eencaseaz\u0103 pentru servicii medicale spitalice\u0219ti de lung\u0103 durat\u0103 &#8211;\u00a0 <strong>ani,<\/strong> conform contractului cadru care reglementeaz\u0103 condi\u021biile acord\u0103rii asisten\u021bei medicale, a medicamentelor \u0219i a dispozitivelor medicale, \u00een cadul sistemului de asigur\u0103ri sociale de s\u0103n\u0103tate.<\/span><\/li>\n<\/ul>\n","protected":false},"excerpt":{"rendered":"<p>Nu se \u00eencaseaz\u0103 pentru servicii medicale spitalice\u0219ti de lung\u0103 durat\u0103 &#8211;\u00a0 ani, conform contractului cadru care reglementeaz\u0103 condi\u021biile acord\u0103rii asisten\u021bei medicale, a medicamentelor \u0219i a dispozitivelor medicale, \u00een cadul sistemului de asigur\u0103ri sociale de s\u0103n\u0103tate.<\/p>\n","protected":false},"author":3,"featured_media":0,"parent":14,"menu_order":0,"comment_status":"closed","ping_status":"closed","template":"","meta":{"footnotes":""},"class_list":["post-207","page","type-page","status-publish","hentry"],"_links":{"self":[{"href":"https:\/\/www.spitalpsihiatrieborsa.ro\/index.php?rest_route=\/wp\/v2\/pages\/207","targetHints":{"allow":["GET"]}}],"collection":[{"href":"https:\/\/www.spitalpsihiatrieborsa.ro\/index.php?rest_route=\/wp\/v2\/pages"}],"about":[{"href":"https:\/\/www.spitalpsihiatrieborsa.ro\/index.php?rest_route=\/wp\/v2\/types\/page"}],"author":[{"embeddable":true,"href":"https:\/\/www.spitalpsihiatrieborsa.ro\/index.php?rest_route=\/wp\/v2\/users\/3"}],"replies":[{"embeddable":true,"href":"https:\/\/www.spitalpsihiatrieborsa.ro\/index.php?rest_route=%2Fwp%2Fv2%2Fcomments&post=207"}],"version-history":[{"count":14,"href":"https:\/\/www.spitalpsihiatrieborsa.ro\/index.php?rest_route=\/wp\/v2\/pages\/207\/revisions"}],"predecessor-version":[{"id":3066,"href":"https:\/\/www.spitalpsihiatrieborsa.ro\/index.php?rest_route=\/wp\/v2\/pages\/207\/revisions\/3066"}],"up":[{"embeddable":true,"href":"https:\/\/www.spitalpsihiatrieborsa.ro\/index.php?rest_route=\/wp\/v2\/pages\/14"}],"wp:attachment":[{"href":"https:\/\/www.spitalpsihiatrieborsa.ro\/index.php?rest_route=%2Fwp%2Fv2%2Fmedia&parent=207"}],"curies":[{"name":"wp","href":"https:\/\/api.w.org\/{rel}","templated":true}]}}