
		
		
		
{"id":196,"date":"2014-01-01T13:03:12","date_gmt":"2014-01-01T11:03:12","guid":{"rendered":"http:\/\/spitalpsihiatrieborsa.ro\/?page_id=196"},"modified":"2025-07-21T14:22:32","modified_gmt":"2025-07-21T11:22:32","slug":"acte-necesare-internare","status":"publish","type":"page","link":"https:\/\/www.spitalpsihiatrieborsa.ro\/?page_id=196","title":{"rendered":"Procedura de internare"},"content":{"rendered":"<ul>\n<li><strong><em>\u00censcrierea pe Lista de a\u0219teptare<\/em><\/strong><\/li>\n<\/ul>\n<p>Pacientul, \u00een nume propriu sau prin intermediul reprezentantului legal sau personal, solicita \u00eenscrierea pe\u00a0<strong><em>Lista de a\u0219teptare intern\u0103ri<\/em><\/strong>\u00a0(accesibila de pe site: spitalpsihiatriebor\u0219a.ro \u2013sectiunea informatii de interes public, cereri\/formulare tipizate), prin orice mijloace are la dispozi\u021bie (telefonic, electronic, \u00een scris, etc.).<\/p>\n<p>\u00censcrierea se efectueaz\u0103 \u00een registrul specific, de c\u0103tre un medic angajat al spitalului, cu data la care este primit\u0103 solicitarea \u0219i cu urm\u0103torul con\u021binut: nume, diagnostic, v\u00e2rsta, num\u0103r de contact, jude\u021b\u00a0 de domiciliu, alte preciz\u0103ri (diagnostice somatice, statut juridic, social, etc.).<\/p>\n<p>Pacientul este informat despre <strong>actele necesare la internare<\/strong>:<\/p>\n<p>1)\u00a0Bilet de trimitere (de la medicul de familie, medicul specialist psihiatru din ambulatoriul de specialitate) SAU\u00a0 bilet de externare dintr-o alt\u0103 unitate sanitar\u0103 din ziua respectiv\u0103\/ precedent\u0103 SAU scrisoare medical\u0103 emis\u0103 de SBPC Bor\u0219a la o internare anterioar\u0103 din ultimul trimestru.<\/p>\n<p>2)\u00a0 Act de identitate \u00een original (carte de identitate \/ buletin de identitate \/ pa\u0219aport)<\/p>\n<p>3) Card de s\u0103n\u0103tate\/adeverin\u021ba \u00eenlocuitoare<\/p>\n<p>4) Scrisori medicale care atest\u0103 diagnosticul psihiatric \u0219i eventuale diagnostice somatice<\/p>\n<p>5) Copii dup\u0103 certificatele de invaliditate\/handicap<\/p>\n<p>6) Copie dup\u0103 decizia de punere sub interdic\u021bie (daca este cazul)<\/p>\n<p>Pacientul este informat despre <em><u>criteriile de internare<\/u><\/em>:<\/p>\n<ul>\n<li>Sa aib\u0103 o tulburare psihic\u0103 diagnosticat\u0103 anterior;<\/li>\n<li>Sa fi avut cel pu\u021bin 1 internare \u00eentr-o sec\u021bie de psihiatrie;<\/li>\n<li>Sa fie asigurat CNAS;<\/li>\n<li>Sa fie \u00eenscris pe lista de a\u0219teptare a spitalului;<\/li>\n<li>Sa aib\u0103 act de identitate \u00een termen de valabilitate de cel pu\u021bin 1 luna la data intern\u0103rii;<\/li>\n<li>Sa aib\u0103 card de s\u0103n\u0103tate sau adeverin\u021b\u0103 \u00eenlocuitoare \u00een termen de valabilitate;<\/li>\n<li>Sa i\u0219i exprime \u00een scris consim\u021b\u0103m\u00e2ntul la internare, \u00een nume propriu sau prin intermediul reprezentantului legal.<\/li>\n<\/ul>\n<p>Urm\u0103toarele reprezint\u0103 <em><u>criterii de prioritate<\/u><\/em> la internare :<\/p>\n<ul>\n<li>Domiciliul \u00een jude\u021bul Cluj;<\/li>\n<li>Diagnostic de tulburare psihotica;<\/li>\n<li>Diagnostic de dependenta de substan\u021be psihotrope;<\/li>\n<li>Internare \u00een curs \u00eentr-un serviciu de psihiatrie acu\u021bi, cu necesitatea consolid\u0103rii tratamentului;<\/li>\n<li>Pacien\u021bi externa\u021bi din SBPC Bor\u0219a \u00een ultimul trimestru \u0219i afla\u021bi \u00een perioada de prob\u0103 terapeutica.<\/li>\n<\/ul>\n<p>Pacientul este informat despre alte posibilit\u0103\u021bi de \u00eengrijire p\u00e2n\u0103 la eliberarea unui loc \u00een spital.<\/p>\n<ul>\n<li><strong><em>Programarea pentru internare<\/em><\/strong> &#8211; Pacientul este contactat ulterior de c\u0103tre un medic care are loc disponibil pentru internare \u0219i este programat, de comun acord, pentru o anumit\u0103 dat\u0103. Daca pacientul refuza programarea, acest refuz este consemnat in registru. La 2 refuzuri, pacientul este exclus de pe lista de a\u0219teptare, put\u00e2nd fi re\u00eenscris ulterior, cu o alta data (pierde prioritatea cronologica).<\/li>\n<li><strong><em>Internarea<\/em><\/strong><\/li>\n<\/ul>\n<p>La data programat\u0103, pacientul se prezint\u0103, preferabil \u00eenso\u021bit de familie, cu actele precizate mai sus.<\/p>\n<ul>\n<li>Medicul curant \u0219i medicul-\u0219ef avizeaz\u0103 internarea.<\/li>\n<li>Registratorul medical verific\u0103 \u00een PIAS statutul de asigurat \u0219i procedeaz\u0103 la efectuarea FOCG.<\/li>\n<li>Pacientul sau reprezentantul s\u0103u legal semneaz\u0103 consim\u021b\u0103m\u00e2ntul informat (Anexa 1)<\/li>\n<li>Se efectueaz\u0103 si se consemneaz\u0103 triajul epidemiologic privind scabia, pediculoza.<\/li>\n<li>Se aplica br\u0103\u021bara de identificare a pacientului (care permite dubla identificare).<\/li>\n<li>Garderoba: se efectueaz\u0103 deparazitarea si igienizarea pacien\u021bilor, se preiau efectele personale si se predau cele de spital. Se acorda o aten\u021bie speciala la interzicerea p\u0103str\u0103rii asupra pacientului a unor obiecte personale poten\u021bial periculoase, care pot deveni arme de auto- sau heteroagresiune. Toate obiectele de acest gen se re\u021bin la internare.<\/li>\n<li>Asistentul medical\/infirmierul preia pacientul si il conduce c\u0103tre salonul repartizat<\/li>\n<li>Pacientul este instruit privind regulile de ordine interna pentru pacien\u021bi si este ajutat sa se familiarizeze cu noua loca\u021bie.<\/li>\n<\/ul>\n","protected":false},"excerpt":{"rendered":"<p>\u00censcrierea pe Lista de a\u0219teptare Pacientul, \u00een nume propriu sau prin intermediul reprezentantului legal sau personal, solicita \u00eenscrierea pe\u00a0Lista de a\u0219teptare intern\u0103ri\u00a0(accesibila de pe site: spitalpsihiatriebor\u0219a.ro \u2013sectiunea informatii de interes public, cereri\/formulare tipizate), prin orice mijloace are la dispozi\u021bie (telefonic, &hellip; <a href=\"https:\/\/www.spitalpsihiatrieborsa.ro\/?page_id=196\">Continue reading <span class=\"meta-nav\">&rarr;<\/span><\/a><\/p>\n","protected":false},"author":3,"featured_media":0,"parent":14,"menu_order":0,"comment_status":"closed","ping_status":"closed","template":"","meta":{"footnotes":""},"class_list":["post-196","page","type-page","status-publish","hentry"],"_links":{"self":[{"href":"https:\/\/www.spitalpsihiatrieborsa.ro\/index.php?rest_route=\/wp\/v2\/pages\/196","targetHints":{"allow":["GET"]}}],"collection":[{"href":"https:\/\/www.spitalpsihiatrieborsa.ro\/index.php?rest_route=\/wp\/v2\/pages"}],"about":[{"href":"https:\/\/www.spitalpsihiatrieborsa.ro\/index.php?rest_route=\/wp\/v2\/types\/page"}],"author":[{"embeddable":true,"href":"https:\/\/www.spitalpsihiatrieborsa.ro\/index.php?rest_route=\/wp\/v2\/users\/3"}],"replies":[{"embeddable":true,"href":"https:\/\/www.spitalpsihiatrieborsa.ro\/index.php?rest_route=%2Fwp%2Fv2%2Fcomments&post=196"}],"version-history":[{"count":13,"href":"https:\/\/www.spitalpsihiatrieborsa.ro\/index.php?rest_route=\/wp\/v2\/pages\/196\/revisions"}],"predecessor-version":[{"id":3999,"href":"https:\/\/www.spitalpsihiatrieborsa.ro\/index.php?rest_route=\/wp\/v2\/pages\/196\/revisions\/3999"}],"up":[{"embeddable":true,"href":"https:\/\/www.spitalpsihiatrieborsa.ro\/index.php?rest_route=\/wp\/v2\/pages\/14"}],"wp:attachment":[{"href":"https:\/\/www.spitalpsihiatrieborsa.ro\/index.php?rest_route=%2Fwp%2Fv2%2Fmedia&parent=196"}],"curies":[{"name":"wp","href":"https:\/\/api.w.org\/{rel}","templated":true}]}}