
		
		
		
{"id":1651,"date":"2020-03-03T12:30:18","date_gmt":"2020-03-03T10:30:18","guid":{"rendered":"https:\/\/www.spitalpsihiatrieborsa.ro\/?page_id=1651"},"modified":"2023-08-23T12:48:02","modified_gmt":"2023-08-23T09:48:02","slug":"acces-mass-media","status":"publish","type":"page","link":"https:\/\/www.spitalpsihiatrieborsa.ro\/?page_id=1651","title":{"rendered":"Acces mass-media"},"content":{"rendered":"<ul>\n<li>Niciun reprezentant al mass-media nu are dreptul s\u0103 p\u0103trund\u0103 \u0219i\/sau s\u0103 filmeze\/fotografieze \u00een incinta spitalului, dec\u00e2t cu acordul Managerului, \u00een urma unei solicit\u0103ri scrise;<\/li>\n<li>Dac\u0103 unui salariat i se adreseaz\u0103 un reprezentant mass-media, acesta va fi \u00eendrumat in scopul contactarii managerul;<\/li>\n<li>\u00cen vederea optimiz\u0103rii comunic\u0103rii cu mass-media \u0219i cu alte entita\u021bi, spitalul are o persoan\u0103 desemnat\u0103 ca purtator de cuvant, doamna doctor Druta Iulia Cristina, director medical, medic primar in specialitatea psihiatrie;<\/li>\n<li>Mass-media va fi \u00eenso\u021bit\u0103 pe parcursul vizitei de c\u0103tre o persoan\u0103 desemnat\u0103 de conducerea spitalului;<\/li>\n<li>Realizarea unui interviu \u00een cadrul spitalului se realizeaz\u0103 doar \u00een urma unei solicit\u0103ri aprobate de manager;<\/li>\n<li>Accesul mass-media la pacien\u021bi\/apar\u021bin\u0103tori \u0219i\/sau informa\u021biile legate de ace\u0219tia se face numai dup\u0103 aprobarea managerului \u0219i exprimarea acordului scris pacien\u021bilor\/apar\u021bin\u0103torilor.<\/li>\n<\/ul>\n<p>Date de contact purtator de cuvant<br \/>\nNume: Dr. Dru\u021b\u0103 Iulia Cristina<br \/>\nTelefon: 0264355287<br \/>\nE-mail: <a href=\"mailto:medicsef@spitalpsihiatrieborsa.ro\">directormedical@spitalpsihiatrieborsa.ro<\/a><\/p>\n","protected":false},"excerpt":{"rendered":"<p>Niciun reprezentant al mass-media nu are dreptul s\u0103 p\u0103trund\u0103 \u0219i\/sau s\u0103 filmeze\/fotografieze \u00een incinta spitalului, dec\u00e2t cu acordul Managerului, \u00een urma unei solicit\u0103ri scrise; Dac\u0103 unui salariat i se adreseaz\u0103 un reprezentant mass-media, acesta va fi \u00eendrumat in scopul contactarii &hellip; <a href=\"https:\/\/www.spitalpsihiatrieborsa.ro\/?page_id=1651\">Continue reading <span class=\"meta-nav\">&rarr;<\/span><\/a><\/p>\n","protected":false},"author":3,"featured_media":0,"parent":0,"menu_order":0,"comment_status":"closed","ping_status":"closed","template":"","meta":{"footnotes":""},"class_list":["post-1651","page","type-page","status-publish","hentry"],"_links":{"self":[{"href":"https:\/\/www.spitalpsihiatrieborsa.ro\/index.php?rest_route=\/wp\/v2\/pages\/1651","targetHints":{"allow":["GET"]}}],"collection":[{"href":"https:\/\/www.spitalpsihiatrieborsa.ro\/index.php?rest_route=\/wp\/v2\/pages"}],"about":[{"href":"https:\/\/www.spitalpsihiatrieborsa.ro\/index.php?rest_route=\/wp\/v2\/types\/page"}],"author":[{"embeddable":true,"href":"https:\/\/www.spitalpsihiatrieborsa.ro\/index.php?rest_route=\/wp\/v2\/users\/3"}],"replies":[{"embeddable":true,"href":"https:\/\/www.spitalpsihiatrieborsa.ro\/index.php?rest_route=%2Fwp%2Fv2%2Fcomments&post=1651"}],"version-history":[{"count":5,"href":"https:\/\/www.spitalpsihiatrieborsa.ro\/index.php?rest_route=\/wp\/v2\/pages\/1651\/revisions"}],"predecessor-version":[{"id":2714,"href":"https:\/\/www.spitalpsihiatrieborsa.ro\/index.php?rest_route=\/wp\/v2\/pages\/1651\/revisions\/2714"}],"wp:attachment":[{"href":"https:\/\/www.spitalpsihiatrieborsa.ro\/index.php?rest_route=%2Fwp%2Fv2%2Fmedia&parent=1651"}],"curies":[{"name":"wp","href":"https:\/\/api.w.org\/{rel}","templated":true}]}}